{"id":1768,"date":"2022-11-16T11:32:08","date_gmt":"2022-11-16T11:32:08","guid":{"rendered":"https:\/\/website.advancis.pt\/?page_id=1768"},"modified":"2023-02-09T16:53:29","modified_gmt":"2023-02-09T16:53:29","slug":"home-draft","status":"publish","type":"page","link":"https:\/\/website.advancis.pt\/en\/","title":{"rendered":"Home Draft"},"content":{"rendered":"<p>[et_pb_section fb_built=&#8221;1&#8243; fullwidth=&#8221;on&#8221; _builder_version=&#8221;4.19.4&#8243; _module_preset=&#8221;default&#8221; global_colors_info=&#8221;{}&#8221;][et_pb_fullwidth_slider _builder_version=&#8221;4.19.4&#8243; _module_preset=&#8221;default&#8221; background_color=&#8221;#0d002b&#8221; background_enable_image=&#8221;off&#8221; background_blend=&#8221;hard-light&#8221; custom_button=&#8221;on&#8221; button_text_color=&#8221;#FFFFFF&#8221; button_bg_color=&#8221;RGBA(255,255,255,0)&#8221; button_bg_use_color_gradient=&#8221;on&#8221; button_bg_color_gradient_type=&#8221;conic&#8221; button_bg_color_gradient_stops=&#8221;#2b87da 50%|#29c4a9 50%&#8221; button_border_color=&#8221;#000000&#8243; min_height=&#8221;395.2px&#8221; custom_padding=&#8221;648px||157px|||&#8221; animation_style=&#8221;fade&#8221; auto=&#8221;on&#8221; hover_enabled=&#8221;0&#8243; global_colors_info=&#8221;{}&#8221; button_bg_color__hover_enabled=&#8221;on|hover&#8221; button_bg_use_color_gradient__hover=&#8221;off&#8221; button_bg_color__hover=&#8221;RGBA(255,255,255,0)&#8221; sticky_enabled=&#8221;0&#8243;][et_pb_slide _builder_version=&#8221;4.19.4&#8243; _module_preset=&#8221;default&#8221; background_color=&#8221;RGBA(255,255,255,0)&#8221; background_enable_color=&#8221;on&#8221; background_image=&#8221;http:\/\/website.advancis.pt\/wp-content\/uploads\/2023\/01\/Banners_ADV010-1.png&#8221; background_enable_image=&#8221;on&#8221; hover_enabled=&#8221;0&#8243; border_radii_image=&#8221;on|290px|290px|290px|290px&#8221; global_colors_info=&#8221;{}&#8221; sticky_transition=&#8221;on&#8221; sticky_enabled=&#8221;0&#8243;][\/et_pb_slide][et_pb_slide heading=&#8221;O Jogo COLOURFUL WORLD j\u00e1 est\u00e1 dispon\u00edvel!&#8221; button_text=&#8221;Saiba mais&#8221; button_link=&#8221;@ET-DC@eyJkeW5hbWljIjp0cnVlLCJjb250ZW50IjoicG9zdF9saW5rX3VybF9wcm9qZWN0Iiwic2V0dGluZ3MiOnsicG9zdF9pZCI6IjIwMjQifX0=@&#8221; image=&#8221;http:\/\/website.advancis.pt\/wp-content\/uploads\/2022\/11\/colourful.png&#8221; use_text_overlay=&#8221;off&#8221; _builder_version=&#8221;4.18.0&#8243; _dynamic_attributes=&#8221;button_link&#8221; _module_preset=&#8221;default&#8221; background_color=&#8221;#260a2c&#8221; background_enable_color=&#8221;on&#8221; custom_button=&#8221;on&#8221; button_text_color=&#8221;#FFFFFF&#8221; button_bg_color=&#8221;RGBA(0,0,0,0)&#8221; button_bg_use_color_gradient=&#8221;on&#8221; button_bg_color_gradient_direction=&#8221;90deg&#8221; button_bg_color_gradient_stops=&#8221;#b02050 50%|rgba(0,0,0,0) 98%&#8221; button_bg_color_gradient_start=&#8221;#db0eb7&#8243; button_bg_color_gradient_start_position=&#8221;50%&#8221; button_bg_color_gradient_end=&#8221;rgba(0,0,0,0)&#8221; button_bg_color_gradient_end_position=&#8221;50%&#8221; button_border_width=&#8221;0px&#8221; button_border_radius=&#8221;0px&#8221; button_letter_spacing=&#8221;1px&#8221; button_font=&#8221;Barlow Condensed|||on|||||&#8221; button_alignment=&#8221;left&#8221; text_orientation=&#8221;left&#8221; global_colors_info=&#8221;{}&#8221; button_bg_color__hover_enabled=&#8221;on|hover&#8221; button_bg_use_color_gradient__hover=&#8221;off&#8221; button_bg_color__hover=&#8221;RGBA(255,255,255,0)&#8221; button_bg_enable_color__hover=&#8221;on&#8221; sticky_transition=&#8221;on&#8221;][\/et_pb_slide][et_pb_slide heading=&#8221;J\u00e1 conheces a Comunidade StoryLogicNet?&#8221; button_text=&#8221;Saiba mais&#8221; button_link=&#8221;@ET-DC@eyJkeW5hbWljIjp0cnVlLCJjb250ZW50IjoicG9zdF9saW5rX3VybF9wcm9qZWN0Iiwic2V0dGluZ3MiOnsicG9zdF9pZCI6IjE3MTkifX0=@&#8221; image=&#8221;http:\/\/website.advancis.pt\/wp-content\/uploads\/2022\/11\/iygv-scaled.jpg&#8221; _builder_version=&#8221;4.18.0&#8243; _dynamic_attributes=&#8221;button_link&#8221; _module_preset=&#8221;default&#8221; background_color=&#8221;#260a2c&#8221; background_enable_color=&#8221;on&#8221; custom_button=&#8221;on&#8221; button_text_color=&#8221;#FFFFFF&#8221; button_bg_color=&#8221;RGBA(0,0,0,0)&#8221; button_bg_use_color_gradient=&#8221;on&#8221; button_bg_color_gradient_direction=&#8221;90deg&#8221; button_bg_color_gradient_stops=&#8221;#b02050 50%|rgba(0,0,0,0) 98%&#8221; button_bg_color_gradient_start=&#8221;#db0eb7&#8243; button_bg_color_gradient_start_position=&#8221;50%&#8221; button_bg_color_gradient_end=&#8221;rgba(0,0,0,0)&#8221; button_bg_color_gradient_end_position=&#8221;50%&#8221; button_border_width=&#8221;0px&#8221; button_border_radius=&#8221;0px&#8221; button_letter_spacing=&#8221;1px&#8221; button_font=&#8221;Barlow Condensed|||on|||||&#8221; button_alignment=&#8221;left&#8221; global_colors_info=&#8221;{}&#8221; button_bg_color__hover=&#8221;RGBA(255,255,255,0)&#8221; button_bg_color__hover_enabled=&#8221;on|desktop&#8221; button_bg_enable_color__hover=&#8221;on&#8221; sticky_transition=&#8221;on&#8221;][\/et_pb_slide][\/et_pb_fullwidth_slider][\/et_pb_section][et_pb_section fb_built=&#8221;1&#8243; admin_label=&#8221;Header&#8221; _builder_version=&#8221;4.18.0&#8243; _module_preset=&#8221;default&#8221; background_color=&#8221;#260a2c&#8221; custom_padding=&#8221;97px|0px|133px|||&#8221; global_colors_info=&#8221;{}&#8221;][et_pb_row _builder_version=&#8221;4.18.0&#8243; _module_preset=&#8221;default&#8221; custom_padding=&#8221;41px||388px|||&#8221; global_colors_info=&#8221;{}&#8221;][et_pb_column type=&#8221;4_4&#8243; _builder_version=&#8221;4.18.0&#8243; _module_preset=&#8221;default&#8221; global_colors_info=&#8221;{}&#8221;][et_pb_cta button_text=&#8221;Click Here&#8221; _builder_version=&#8221;4.18.0&#8243; _module_preset=&#8221;default&#8221; body_font_size=&#8221;18px&#8221; background_color=&#8221;RGBA(255,255,255,0)&#8221; custom_margin=&#8221;||-72px|||&#8221; custom_padding=&#8221;74px||0px|||&#8221; global_colors_info=&#8221;{}&#8221;]<\/p>\n<p><span>Somos uma organiza\u00e7\u00e3o com preocupa\u00e7\u00f5es sociais que investe na transforma\u00e7\u00e3o da aprendizagem para promover n\u00edveis mais elevados de educa\u00e7\u00e3o e qualifica\u00e7\u00e3o.<\/span><\/p>\n<p>[\/et_pb_cta][et_pb_button button_url=&#8221;@ET-DC@eyJkeW5hbWljIjp0cnVlLCJjb250ZW50IjoicG9zdF9saW5rX3VybF9wYWdlIiwic2V0dGluZ3MiOnsicG9zdF9pZCI6IjE3NzIifX0=@&#8221; button_text=&#8221;Saiba mais&#8221; button_alignment=&#8221;center&#8221; _builder_version=&#8221;4.18.0&#8243; _dynamic_attributes=&#8221;button_url&#8221; _module_preset=&#8221;default&#8221; custom_button=&#8221;on&#8221; button_text_color=&#8221;#FFFFFF&#8221; button_bg_color=&#8221;RGBA(0,0,0,0)&#8221; button_bg_use_color_gradient=&#8221;on&#8221; button_bg_color_gradient_direction=&#8221;90deg&#8221; button_bg_color_gradient_stops=&#8221;#b02050 50%|rgba(0,0,0,0) 98%&#8221; button_bg_color_gradient_start=&#8221;#db0eb7&#8243; button_bg_color_gradient_start_position=&#8221;50%&#8221; button_bg_color_gradient_end=&#8221;rgba(0,0,0,0)&#8221; button_bg_color_gradient_end_position=&#8221;50%&#8221; button_border_width=&#8221;0px&#8221; button_border_radius=&#8221;0px&#8221; button_letter_spacing=&#8221;1px&#8221; button_font=&#8221;Barlow Condensed|||on|||||&#8221; transform_translate=&#8221;0px|54px&#8221; locked=&#8221;off&#8221; global_colors_info=&#8221;{}&#8221; button_bg_color__hover=&#8221;RGBA(255,255,255,0)&#8221; button_bg_color__hover_enabled=&#8221;on|hover&#8221;][\/et_pb_button][\/et_pb_column][\/et_pb_row][et_pb_row column_structure=&#8221;1_3,1_3,1_3&#8243; _builder_version=&#8221;4.18.0&#8243; _module_preset=&#8221;default&#8221; custom_padding=&#8221;0px||0px|0px||&#8221; global_colors_info=&#8221;{}&#8221;][et_pb_column type=&#8221;1_3&#8243; _builder_version=&#8221;4.18.0&#8243; _module_preset=&#8221;default&#8221; global_colors_info=&#8221;{}&#8221;][et_pb_blurb title=&#8221;I&#038;D&#8221; use_icon=&#8221;on&#8221; font_icon=&#8221;&#xe007;||divi||400&#8243; _builder_version=&#8221;4.18.0&#8243; _module_preset=&#8221;default&#8221; header_text_align=&#8221;center&#8221; header_text_color=&#8221;#FFFFFF&#8221; body_text_align=&#8221;center&#8221; body_text_color=&#8221;#FFFFFF&#8221; background_color=&#8221;RGBA(255,255,255,0)&#8221; custom_margin=&#8221;-2px|||||&#8221; custom_padding=&#8221;222px|0px||||&#8221; child_filter_hue_rotate=&#8221;95deg&#8221; border_radii=&#8221;off||||&#8221; border_width_all=&#8221;1px&#8221; border_color_all=&#8221;#b02050&#8243; global_colors_info=&#8221;{}&#8221;]<\/p>\n<p><span>Conduzimos e participamos em projetos de Investiga\u00e7\u00e3o e Desenvolvimento nas \u00e1reas da Aprendizagem, Gest\u00e3o de Pessoas e Lideran\u00e7a.<\/span><\/p>\n<p>[\/et_pb_blurb][et_pb_button button_url=&#8221;@ET-DC@eyJkeW5hbWljIjp0cnVlLCJjb250ZW50IjoicG9zdF9saW5rX3VybF9wYWdlIiwic2V0dGluZ3MiOnsicG9zdF9pZCI6IjE1MjAifX0=@&#8221; button_text=&#8221;Saiba mais&#8221; button_alignment=&#8221;center&#8221; _builder_version=&#8221;4.18.0&#8243; _dynamic_attributes=&#8221;button_url&#8221; _module_preset=&#8221;default&#8221; custom_button=&#8221;on&#8221; button_text_color=&#8221;#FFFFFF&#8221; button_bg_color=&#8221;RGBA(0,0,0,0)&#8221; button_bg_use_color_gradient=&#8221;on&#8221; button_bg_color_gradient_direction=&#8221;90deg&#8221; button_bg_color_gradient_stops=&#8221;#b02050 50%|rgba(0,0,0,0) 98%&#8221; button_bg_color_gradient_start=&#8221;#db0eb7&#8243; button_bg_color_gradient_start_position=&#8221;50%&#8221; button_bg_color_gradient_end=&#8221;rgba(0,0,0,0)&#8221; button_bg_color_gradient_end_position=&#8221;50%&#8221; button_border_width=&#8221;0px&#8221; button_border_radius=&#8221;0px&#8221; button_letter_spacing=&#8221;1px&#8221; button_font=&#8221;Barlow Condensed|||on|||||&#8221; global_colors_info=&#8221;{}&#8221; button_bg_color__hover=&#8221;RGBA(255,255,255,0)&#8221; button_bg_color__hover_enabled=&#8221;on|desktop&#8221;][\/et_pb_button][\/et_pb_column][et_pb_column type=&#8221;1_3&#8243; _builder_version=&#8221;4.18.0&#8243; _module_preset=&#8221;default&#8221; global_colors_info=&#8221;{}&#8221;][et_pb_image src=&#8221;http:\/\/website.advancis.pt\/wp-content\/uploads\/2022\/10\/logo3_2.png&#8221; _builder_version=&#8221;4.18.0&#8243; _module_preset=&#8221;default&#8221; transform_scale=&#8221;84%|84%&#8221; transform_translate=&#8221;-102px|-258px&#8221; custom_margin=&#8221;-8vw|-100%||-8vw|false|false&#8221; custom_margin_tablet=&#8221;0vw|0%||0vw|false|false&#8221; custom_margin_phone=&#8221;0vw|0%||0vw|false|false&#8221; custom_margin_last_edited=&#8221;on|tablet&#8221; filter_opacity=&#8221;10%&#8221; mix_blend_mode=&#8221;difference&#8221; global_colors_info=&#8221;{}&#8221;][\/et_pb_image][et_pb_blurb title=&#8221;Capacita\u00e7\u00e3o&#8221; use_icon=&#8221;on&#8221; font_icon=&#8221;&#xf012;||fa||900&#8243; _builder_version=&#8221;4.18.0&#8243; _module_preset=&#8221;default&#8221; header_text_align=&#8221;center&#8221; header_text_color=&#8221;#FFFFFF&#8221; body_text_align=&#8221;center&#8221; body_text_color=&#8221;#FFFFFF&#8221; min_height=&#8221;227.4px&#8221; custom_margin=&#8221;-673px|||||&#8221; custom_padding=&#8221;222px|||0px||&#8221; border_width_all=&#8221;1px&#8221; border_color_all=&#8221;#b02050&#8243; global_colors_info=&#8221;{}&#8221;]<\/p>\n<p><span>Oferecemos oportunidades de aprendizagem ao longo da vida &#8211; forma\u00e7\u00e3o, workshops e semin\u00e1rios.<\/span><\/p>\n<p>[\/et_pb_blurb][et_pb_button button_url=&#8221;@ET-DC@eyJkeW5hbWljIjp0cnVlLCJjb250ZW50IjoicG9zdF9saW5rX3VybF9wYWdlIiwic2V0dGluZ3MiOnsicG9zdF9pZCI6IjE3NjQifX0=@&#8221; button_text=&#8221;Saiba mais&#8221; button_alignment=&#8221;center&#8221; _builder_version=&#8221;4.18.0&#8243; _dynamic_attributes=&#8221;button_url&#8221; _module_preset=&#8221;default&#8221; custom_button=&#8221;on&#8221; button_text_color=&#8221;#FFFFFF&#8221; button_bg_color=&#8221;RGBA(0,0,0,0)&#8221; button_bg_use_color_gradient=&#8221;on&#8221; button_bg_color_gradient_direction=&#8221;90deg&#8221; button_bg_color_gradient_stops=&#8221;#b02050 50%|rgba(0,0,0,0) 98%&#8221; button_bg_color_gradient_start=&#8221;#db0eb7&#8243; button_bg_color_gradient_start_position=&#8221;50%&#8221; button_bg_color_gradient_end=&#8221;rgba(0,0,0,0)&#8221; button_bg_color_gradient_end_position=&#8221;50%&#8221; button_border_width=&#8221;0px&#8221; button_border_radius=&#8221;0px&#8221; button_letter_spacing=&#8221;1px&#8221; button_font=&#8221;Barlow Condensed|||on|||||&#8221; custom_margin=&#8221;||96px|||&#8221; global_colors_info=&#8221;{}&#8221; button_bg_color__hover=&#8221;RGBA(255,255,255,0)&#8221; button_bg_color__hover_enabled=&#8221;on|desktop&#8221;][\/et_pb_button][dsm_button _builder_version=&#8221;4.19.4&#8243; _module_preset=&#8221;default&#8221; global_colors_info=&#8221;{}&#8221;][\/dsm_button][\/et_pb_column][et_pb_column type=&#8221;1_3&#8243; _builder_version=&#8221;4.18.0&#8243; _module_preset=&#8221;default&#8221; global_colors_info=&#8221;{}&#8221;][et_pb_blurb title=&#8221;Recursos&#8221; use_icon=&#8221;on&#8221; font_icon=&#8221;&#xf4ff;||fa||900&#8243; _builder_version=&#8221;4.18.0&#8243; _module_preset=&#8221;default&#8221; header_text_align=&#8221;center&#8221; header_text_color=&#8221;#FFFFFF&#8221; body_text_align=&#8221;center&#8221; body_text_color=&#8221;#FFFFFF&#8221; background_color=&#8221;RGBA(255,255,255,0)&#8221; custom_margin=&#8221;-2px|||||&#8221; custom_padding=&#8221;222px|0px||||&#8221; child_filter_hue_rotate=&#8221;95deg&#8221; border_radii=&#8221;off||||&#8221; border_width_all=&#8221;1px&#8221; border_color_all=&#8221;#b02050&#8243; global_colors_info=&#8221;{}&#8221;]<\/p>\n<p><span>Disponibilizamos recursos did\u00e1ticos inovadores num conjunto especializado de t\u00f3picos para apoiar a inova\u00e7\u00e3o na aprendizagem.<\/span><\/p>\n<p>[\/et_pb_blurb][et_pb_button button_url=&#8221;@ET-DC@eyJkeW5hbWljIjp0cnVlLCJjb250ZW50IjoicG9zdF9saW5rX3VybF9wYWdlIiwic2V0dGluZ3MiOnsicG9zdF9pZCI6IjE3NjAifX0=@&#8221; button_text=&#8221;Saiba mais&#8221; button_alignment=&#8221;center&#8221; _builder_version=&#8221;4.18.0&#8243; _dynamic_attributes=&#8221;button_url&#8221; _module_preset=&#8221;default&#8221; custom_button=&#8221;on&#8221; button_text_color=&#8221;#FFFFFF&#8221; button_bg_color=&#8221;RGBA(0,0,0,0)&#8221; button_bg_use_color_gradient=&#8221;on&#8221; button_bg_color_gradient_direction=&#8221;90deg&#8221; button_bg_color_gradient_stops=&#8221;#b02050 50%|rgba(0,0,0,0) 98%&#8221; button_bg_color_gradient_start=&#8221;#db0eb7&#8243; button_bg_color_gradient_start_position=&#8221;50%&#8221; button_bg_color_gradient_end=&#8221;rgba(0,0,0,0)&#8221; button_bg_color_gradient_end_position=&#8221;50%&#8221; button_border_width=&#8221;0px&#8221; button_border_radius=&#8221;0px&#8221; button_letter_spacing=&#8221;1px&#8221; button_font=&#8221;Barlow Condensed|||on|||||&#8221; global_colors_info=&#8221;{}&#8221; button_bg_color__hover=&#8221;RGBA(255,255,255,0)&#8221; button_bg_color__hover_enabled=&#8221;on|desktop&#8221;][\/et_pb_button][\/et_pb_column][\/et_pb_row][et_pb_row _builder_version=&#8221;4.18.0&#8243; _module_preset=&#8221;default&#8221; global_colors_info=&#8221;{}&#8221;][et_pb_column type=&#8221;4_4&#8243; _builder_version=&#8221;4.18.0&#8243; _module_preset=&#8221;default&#8221; global_colors_info=&#8221;{}&#8221;][et_pb_text _builder_version=&#8221;4.18.0&#8243; _module_preset=&#8221;default&#8221; text_text_color=&#8221;#FFFFFF&#8221; text_font_size=&#8221;35px&#8221; header_font=&#8221;Alef|700|||||||&#8221; header_text_align=&#8221;center&#8221; header_text_color=&#8221;#FFFFFF&#8221; header_2_text_color=&#8221;#FFFFFF&#8221; header_text_shadow_style=&#8221;preset3&#8243; global_colors_info=&#8221;{}&#8221;]<\/p>\n<h1>O NOSSO LIVRO SOBRE O OCEANO!<\/h1>\n<p>[\/et_pb_text][et_pb_image src=&#8221;http:\/\/website.advancis.pt\/wp-content\/uploads\/2022\/10\/wwa-livro_1.jpg&#8221; title_text=&#8221;wwa-livro_1&#8243; align=&#8221;center&#8221; _builder_version=&#8221;4.18.0&#8243; _module_preset=&#8221;default&#8221; global_colors_info=&#8221;{}&#8221;][\/et_pb_image][et_pb_button button_text=&#8221;Saber Mais&#8221; button_alignment=&#8221;center&#8221; _builder_version=&#8221;4.18.0&#8243; _module_preset=&#8221;default&#8221; custom_button=&#8221;on&#8221; button_text_color=&#8221;#FFFFFF&#8221; button_bg_color=&#8221;RGBA(0,0,0,0)&#8221; button_bg_use_color_gradient=&#8221;on&#8221; button_bg_color_gradient_direction=&#8221;90deg&#8221; button_bg_color_gradient_stops=&#8221;#b02050 50%|rgba(0,0,0,0) 98%&#8221; button_bg_color_gradient_start=&#8221;#db0eb7&#8243; button_bg_color_gradient_start_position=&#8221;50%&#8221; button_bg_color_gradient_end=&#8221;rgba(0,0,0,0)&#8221; button_bg_color_gradient_end_position=&#8221;50%&#8221; button_border_width=&#8221;0px&#8221; button_border_radius=&#8221;0px&#8221; button_letter_spacing=&#8221;1px&#8221; button_font=&#8221;Barlow Condensed|||on|||||&#8221; global_colors_info=&#8221;{}&#8221; button_bg_color__hover=&#8221;RGBA(255,255,255,0)&#8221; button_bg_color__hover_enabled=&#8221;on|desktop&#8221;][\/et_pb_button][\/et_pb_column][\/et_pb_row][\/et_pb_section]<\/p>","protected":false},"excerpt":{"rendered":"<p>Somos uma organiza\u00e7\u00e3o com preocupa\u00e7\u00f5es sociais que investe na transforma\u00e7\u00e3o da aprendizagem para promover n\u00edveis mais elevados de educa\u00e7\u00e3o e qualifica\u00e7\u00e3o.Conduzimos e participamos em projetos de Investiga\u00e7\u00e3o e Desenvolvimento nas \u00e1reas da Aprendizagem, Gest\u00e3o de Pessoas e Lideran\u00e7a.Oferecemos oportunidades de aprendizagem ao longo da vida &#8211; forma\u00e7\u00e3o, workshops e semin\u00e1rios.<div class=\"et_pb_module dsm_button dsm_button_0 et_pb_bg_layout_light\">\n\t\t\t\t\n\t\t\t\t\n\t\t\t\t\n\t\t\t\t\n\t\t\t\t\n\t\t\t\t\n\t\t\t\t<div class=\"et_pb_module_inner\">\n\t\t\t\t\t<div class=\"et_pb_button_module_wrappers dsm_button_0_wrapper  et_pb_module\">\n\t\t\t\t\n\t\t\t<\/div>\n\t\t\t\t<\/div>\n\t\t\t<\/div>Disponibilizamos recursos did\u00e1ticos [&hellip;]<\/p>","protected":false},"author":2,"featured_media":0,"parent":0,"menu_order":0,"comment_status":"closed","ping_status":"closed","template":"","meta":{"_et_pb_use_builder":"on","_et_pb_old_content":"","_et_gb_content_width":"","footnotes":""},"class_list":["post-1768","page","type-page","status-publish","hentry"],"_links":{"self":[{"href":"https:\/\/website.advancis.pt\/en\/wp-json\/wp\/v2\/pages\/1768","targetHints":{"allow":["GET"]}}],"collection":[{"href":"https:\/\/website.advancis.pt\/en\/wp-json\/wp\/v2\/pages"}],"about":[{"href":"https:\/\/website.advancis.pt\/en\/wp-json\/wp\/v2\/types\/page"}],"author":[{"embeddable":true,"href":"https:\/\/website.advancis.pt\/en\/wp-json\/wp\/v2\/users\/2"}],"replies":[{"embeddable":true,"href":"https:\/\/website.advancis.pt\/en\/wp-json\/wp\/v2\/comments?post=1768"}],"version-history":[{"count":32,"href":"https:\/\/website.advancis.pt\/en\/wp-json\/wp\/v2\/pages\/1768\/revisions"}],"predecessor-version":[{"id":2562,"href":"https:\/\/website.advancis.pt\/en\/wp-json\/wp\/v2\/pages\/1768\/revisions\/2562"}],"wp:attachment":[{"href":"https:\/\/website.advancis.pt\/en\/wp-json\/wp\/v2\/media?parent=1768"}],"curies":[{"name":"wp","href":"https:\/\/api.w.org\/{rel}","templated":true}]}}