{"id":1764,"date":"2022-11-16T11:32:08","date_gmt":"2022-11-16T11:32:08","guid":{"rendered":"https:\/\/website.advancis.pt\/?page_id=1764"},"modified":"2023-01-26T16:50:28","modified_gmt":"2023-01-26T16:50:28","slug":"formacao-draft","status":"publish","type":"page","link":"https:\/\/website.advancis.pt\/en\/formacao-draft\/","title":{"rendered":"Forma\u00e7\u00e3o Draft"},"content":{"rendered":"<p>[et_pb_section fb_built=&#8221;1&#8243; admin_label=&#8221;Header&#8221; _builder_version=&#8221;4.16&#8243; _module_preset=&#8221;default&#8221; background_color=&#8221;#01012C&#8221; global_colors_info=&#8221;{}&#8221;][et_pb_row column_structure=&#8221;1_2,1_2&#8243; _builder_version=&#8221;4.16&#8243; _module_preset=&#8221;default&#8221; min_height=&#8221;128.4px&#8221; custom_padding=&#8221;0px||0px|||&#8221; global_colors_info=&#8221;{}&#8221;][et_pb_column type=&#8221;1_2&#8243; _builder_version=&#8221;4.16&#8243; _module_preset=&#8221;default&#8221; z_index=&#8221;10&#8243; custom_padding=&#8221;18%||||false|false&#8221; global_colors_info=&#8221;{}&#8221;][et_pb_text _builder_version=&#8221;4.18.0&#8243; _module_preset=&#8221;default&#8221; text_font=&#8221;Adamina||||||||&#8221; header_font=&#8221;Raleway||||||||&#8221; header_text_color=&#8221;#FFFFFF&#8221; header_font_size=&#8221;62px&#8221; text_orientation=&#8221;justified&#8221; min_height=&#8221;39px&#8221; global_colors_info=&#8221;{}&#8221;]<\/p>\n<h1>Forma\u00e7\u00e3o<\/h1>\n<p>[\/et_pb_text][\/et_pb_column][et_pb_column type=&#8221;1_2&#8243; _builder_version=&#8221;4.16&#8243; _module_preset=&#8221;default&#8221; global_colors_info=&#8221;{}&#8221;][et_pb_image src=&#8221;http:\/\/website.advancis.pt\/wp-content\/uploads\/2022\/10\/ai-009-1.jpg&#8221; title_text=&#8221;ai-009-1&#8243; _builder_version=&#8221;4.18.0&#8243; _module_preset=&#8221;default&#8221; transform_translate=&#8221;49px|-8px&#8221; global_colors_info=&#8221;{}&#8221;][\/et_pb_image][\/et_pb_column][\/et_pb_row][\/et_pb_section][et_pb_section fb_built=&#8221;1&#8243; _builder_version=&#8221;4.18.0&#8243; _module_preset=&#8221;default&#8221; custom_margin=&#8221;||-122px|||&#8221; global_colors_info=&#8221;{}&#8221;][et_pb_row _builder_version=&#8221;4.18.0&#8243; _module_preset=&#8221;default&#8221; global_colors_info=&#8221;{}&#8221;][et_pb_column type=&#8221;4_4&#8243; _builder_version=&#8221;4.18.0&#8243; _module_preset=&#8221;default&#8221; global_colors_info=&#8221;{}&#8221;][et_pb_text _builder_version=&#8221;4.19.4&#8243; _module_preset=&#8221;default&#8221; hover_enabled=&#8221;0&#8243; global_colors_info=&#8221;{}&#8221; text_font_size=&#8221;18px&#8221; sticky_enabled=&#8221;0&#8243;]<\/p>\n<p class=\"font_8\"><span>A ADVANCIS oferece oportunidades de aprendizagem ao longo da vida &#8211; forma\u00e7\u00e3o, workshops, semin\u00e1rios &#8211; e apoio de consultoria a educadores e gestores, baseadas nas principais tend\u00eancias internacionais e cobrindo um vasto conjunto de temas\u00a0 nas \u00e1reas da Apren dizagem e Gest\u00e3o de Pessoas &amp; Lideran\u00e7a.<\/span><\/p>\n<p class=\"font_8\"><span><span class=\"wixGuard\">\u200b<\/span><\/span><\/p>\n<p>[\/et_pb_text][et_pb_text _builder_version=&#8221;4.19.4&#8243; _module_preset=&#8221;default&#8221; hover_enabled=&#8221;0&#8243; global_colors_info=&#8221;{}&#8221; text_font_size=&#8221;18px&#8221; sticky_enabled=&#8221;0&#8243;]<\/p>\n<p class=\"font_8\"><strong>Novas abordagens, metodologias e ferramentas educativas<\/strong><\/p>\n<p class=\"font_8\"><strong>Implementa\u00e7\u00e3o de modelos pedag\u00f3gicos baseados na metodologia de projeto (project-based model)<\/strong><\/p>\n<p class=\"font_8\"><strong>Novos modelos de lideran\u00e7a e novas abordagens e ferramentas para a gest\u00e3o de pessoas<\/strong><\/p>\n<p class=\"font_8\"><strong>Facilita\u00e7\u00e3o no desenho de novos processos de gest\u00e3o de pessoas\u200b<\/strong><\/p>\n<p>[\/et_pb_text][et_pb_text _builder_version=&#8221;4.18.0&#8243; _module_preset=&#8221;default&#8221; header_font=&#8221;||||||||&#8221; width=&#8221;100%&#8221; custom_margin=&#8221;102px||-13px||false|false&#8221; custom_padding=&#8221;||9px|||&#8221; border_color_bottom=&#8221;#000000&#8243; border_style_bottom=&#8221;ridge&#8221; global_colors_info=&#8221;{}&#8221;]<\/p>\n<h1>A nossa oferta<\/h1>\n<p>[\/et_pb_text][et_pb_image src=&#8221;http:\/\/website.advancis.pt\/wp-content\/uploads\/2022\/10\/ai-010-scaled-1.jpg&#8221; title_text=&#8221;ai-010-scaled-1&#8243; _builder_version=&#8221;4.18.0&#8243; _module_preset=&#8221;default&#8221; width=&#8221;5%&#8221; max_width=&#8221;100%&#8221; height=&#8221;5px&#8221; max_height=&#8221;1000px&#8221; global_colors_info=&#8221;{}&#8221;][\/et_pb_image][\/et_pb_column][\/et_pb_row][et_pb_row column_structure=&#8221;1_3,1_3,1_3&#8243; _builder_version=&#8221;4.18.0&#8243; _module_preset=&#8221;default&#8221; min_height=&#8221;542.4px&#8221; custom_margin=&#8221;|auto|-36px|auto||&#8221; custom_padding=&#8221;45px|||||&#8221; global_colors_info=&#8221;{}&#8221;][et_pb_column type=&#8221;1_3&#8243; _builder_version=&#8221;4.18.0&#8243; _module_preset=&#8221;default&#8221; global_colors_info=&#8221;{}&#8221;][et_pb_blurb title=&#8221;Playful Learning&#8221; image=&#8221;http:\/\/website.advancis.pt\/wp-content\/uploads\/2022\/11\/pixelate02.jpg&#8221; _builder_version=&#8221;4.18.0&#8243; _dynamic_attributes=&#8221;link_option_url&#8221; _module_preset=&#8221;default&#8221; header_font=&#8221;|700|||||||&#8221; header_text_color=&#8221;#FFFFFF&#8221; background_color=&#8221;#01012c&#8221; text_orientation=&#8221;center&#8221; custom_padding=&#8221;0px||17px|||&#8221; link_option_url=&#8221;@ET-DC@eyJkeW5hbWljIjp0cnVlLCJjb250ZW50IjoicG9zdF9saW5rX3VybF9wcm9qZWN0Iiwic2V0dGluZ3MiOnsicG9zdF9pZCI6IjIxODAifX0=@&#8221; border_width_all=&#8221;5px&#8221; global_colors_info=&#8221;{}&#8221;][\/et_pb_blurb][\/et_pb_column][et_pb_column type=&#8221;1_3&#8243; _builder_version=&#8221;4.18.0&#8243; _module_preset=&#8221;default&#8221; global_colors_info=&#8221;{}&#8221;][et_pb_blurb title=&#8221;Project based (meaningful) Learning design for K12 Education&#8221; image=&#8221;http:\/\/website.advancis.pt\/wp-content\/uploads\/2022\/11\/imagem-oer.png&#8221; _builder_version=&#8221;4.18.0&#8243; _dynamic_attributes=&#8221;link_option_url&#8221; _module_preset=&#8221;default&#8221; header_font=&#8221;|700|||||||&#8221; header_text_align=&#8221;center&#8221; header_text_color=&#8221;#FFFFFF&#8221; background_color=&#8221;#01012c&#8221; text_orientation=&#8221;center&#8221; custom_padding=&#8221;0px|||||&#8221; link_option_url=&#8221;@ET-DC@eyJkeW5hbWljIjp0cnVlLCJjb250ZW50IjoicG9zdF9saW5rX3VybF9wcm9qZWN0Iiwic2V0dGluZ3MiOnsicG9zdF9pZCI6IjIxOTQifX0=@&#8221; border_width_all=&#8221;5px&#8221; locked=&#8221;off&#8221; global_colors_info=&#8221;{}&#8221;][\/et_pb_blurb][\/et_pb_column][et_pb_column type=&#8221;1_3&#8243; _builder_version=&#8221;4.18.0&#8243; _module_preset=&#8221;default&#8221; global_colors_info=&#8221;{}&#8221;][et_pb_blurb title=&#8221; The Science of Stress  and Self-regulation&#8221; image=&#8221;http:\/\/website.advancis.pt\/wp-content\/uploads\/2022\/11\/2016-02-01-1454336124-9050795-shutterstock-266614442-thumb_orig.jpg&#8221; _builder_version=&#8221;4.18.0&#8243; _dynamic_attributes=&#8221;link_option_url&#8221; _module_preset=&#8221;default&#8221; header_font=&#8221;|700|||||||&#8221; header_text_color=&#8221;#FFFFFF&#8221; background_color=&#8221;#01012c&#8221; text_orientation=&#8221;center&#8221; custom_padding=&#8221;0px|||||&#8221; link_option_url=&#8221;@ET-DC@eyJkeW5hbWljIjp0cnVlLCJjb250ZW50IjoicG9zdF9saW5rX3VybF9wcm9qZWN0Iiwic2V0dGluZ3MiOnsicG9zdF9pZCI6IjIxOTgifX0=@&#8221; border_width_all=&#8221;5px&#8221; locked=&#8221;off&#8221; global_colors_info=&#8221;{}&#8221;][\/et_pb_blurb][\/et_pb_column][\/et_pb_row][\/et_pb_section][et_pb_section fb_built=&#8221;1&#8243; admin_label=&#8221;Section&#8221; _builder_version=&#8221;4.18.0&#8243; _module_preset=&#8221;default&#8221; custom_margin=&#8221;158px|||||&#8221; custom_padding=&#8221;0px|||||&#8221; global_colors_info=&#8221;{}&#8221;][\/et_pb_section]<\/p>","protected":false},"excerpt":{"rendered":"<p>Forma\u00e7\u00e3oA ADVANCIS oferece oportunidades de aprendizagem ao longo da vida &#8211; forma\u00e7\u00e3o, workshops, semin\u00e1rios &#8211; e apoio de consultoria a educadores e gestores, baseadas nas principais tend\u00eancias internacionais e cobrindo um vasto conjunto de temas\u00a0 nas \u00e1reas da Apren dizagem e Gest\u00e3o de Pessoas &amp; Lideran\u00e7a. \u200bNovas abordagens, metodologias e ferramentas educativas Implementa\u00e7\u00e3o de modelos [&hellip;]<\/p>","protected":false},"author":2,"featured_media":0,"parent":0,"menu_order":0,"comment_status":"closed","ping_status":"closed","template":"","meta":{"_et_pb_use_builder":"on","_et_pb_old_content":"","_et_gb_content_width":"","footnotes":""},"class_list":["post-1764","page","type-page","status-publish","hentry"],"_links":{"self":[{"href":"https:\/\/website.advancis.pt\/en\/wp-json\/wp\/v2\/pages\/1764","targetHints":{"allow":["GET"]}}],"collection":[{"href":"https:\/\/website.advancis.pt\/en\/wp-json\/wp\/v2\/pages"}],"about":[{"href":"https:\/\/website.advancis.pt\/en\/wp-json\/wp\/v2\/types\/page"}],"author":[{"embeddable":true,"href":"https:\/\/website.advancis.pt\/en\/wp-json\/wp\/v2\/users\/2"}],"replies":[{"embeddable":true,"href":"https:\/\/website.advancis.pt\/en\/wp-json\/wp\/v2\/comments?post=1764"}],"version-history":[{"count":9,"href":"https:\/\/website.advancis.pt\/en\/wp-json\/wp\/v2\/pages\/1764\/revisions"}],"predecessor-version":[{"id":2527,"href":"https:\/\/website.advancis.pt\/en\/wp-json\/wp\/v2\/pages\/1764\/revisions\/2527"}],"wp:attachment":[{"href":"https:\/\/website.advancis.pt\/en\/wp-json\/wp\/v2\/media?parent=1764"}],"curies":[{"name":"wp","href":"https:\/\/api.w.org\/{rel}","templated":true}]}}