{"id":1520,"date":"2022-11-04T15:23:35","date_gmt":"2022-11-04T15:23:35","guid":{"rendered":"https:\/\/website.advancis.pt\/?page_id=1520"},"modified":"2023-01-26T16:51:23","modified_gmt":"2023-01-26T16:51:23","slug":"id-draft","status":"publish","type":"page","link":"https:\/\/website.advancis.pt\/en\/id-draft\/","title":{"rendered":"I&#038;D Draft"},"content":{"rendered":"<p>[et_pb_section fb_built=&#8221;1&#8243; admin_label=&#8221;Header&#8221; _builder_version=&#8221;4.18.0&#8243; _module_preset=&#8221;default&#8221; background_color=&#8221;#01012C&#8221; global_colors_info=&#8221;{}&#8221;][et_pb_row column_structure=&#8221;1_2,1_2&#8243; _builder_version=&#8221;4.16&#8243; _module_preset=&#8221;default&#8221; min_height=&#8221;128.4px&#8221; custom_padding=&#8221;0px||0px|||&#8221; global_colors_info=&#8221;{}&#8221;][et_pb_column type=&#8221;1_2&#8243; _builder_version=&#8221;4.16&#8243; _module_preset=&#8221;default&#8221; z_index=&#8221;10&#8243; custom_padding=&#8221;18%||||false|false&#8221; global_colors_info=&#8221;{}&#8221;][et_pb_text _builder_version=&#8221;4.18.0&#8243; _module_preset=&#8221;default&#8221; text_font=&#8221;Adamina||||||||&#8221; header_font=&#8221;Raleway||||||||&#8221; header_text_color=&#8221;#FFFFFF&#8221; header_font_size=&#8221;62px&#8221; text_orientation=&#8221;justified&#8221; min_height=&#8221;39px&#8221; global_colors_info=&#8221;{}&#8221;]<\/p>\n<h1>Investiga\u00e7\u00e3o e Desenvolvimento<\/h1>\n<p>[\/et_pb_text][\/et_pb_column][et_pb_column type=&#8221;1_2&#8243; _builder_version=&#8221;4.16&#8243; _module_preset=&#8221;default&#8221; global_colors_info=&#8221;{}&#8221;][et_pb_image src=&#8221;http:\/\/website.advancis.pt\/wp-content\/uploads\/2022\/10\/ai-009-1.jpg&#8221; title_text=&#8221;ai-009-1&#8243; _builder_version=&#8221;4.18.0&#8243; _module_preset=&#8221;default&#8221; transform_translate=&#8221;49px|-8px&#8221; global_colors_info=&#8221;{}&#8221;][\/et_pb_image][\/et_pb_column][\/et_pb_row][\/et_pb_section][et_pb_section fb_built=&#8221;1&#8243; _builder_version=&#8221;4.18.0&#8243; _module_preset=&#8221;default&#8221; custom_margin=&#8221;||13px|||&#8221; global_colors_info=&#8221;{}&#8221;][et_pb_row _builder_version=&#8221;4.18.0&#8243; _module_preset=&#8221;default&#8221; global_colors_info=&#8221;{}&#8221;][et_pb_column type=&#8221;4_4&#8243; _builder_version=&#8221;4.18.0&#8243; _module_preset=&#8221;default&#8221; global_colors_info=&#8221;{}&#8221;][et_pb_text _builder_version=&#8221;4.19.4&#8243; _module_preset=&#8221;default&#8221; header_font=&#8221;||||||||&#8221; width=&#8221;100%&#8221; custom_margin=&#8221;||0px||false|false&#8221; hover_enabled=&#8221;0&#8243; border_color_bottom=&#8221;#000000&#8243; border_style_bottom=&#8221;ridge&#8221; global_colors_info=&#8221;{}&#8221; text_font_size=&#8221;18px&#8221; sticky_enabled=&#8221;0&#8243;]<\/p>\n<p class=\"font_8\"><span>A ADVANCIS coordena e participa em projetos de I&amp;D na \u00e1rea da Aprendizagem, cooperando com parceiros nacionais e internacionais, para desenvolver novo conhecimento, processos, produtos e servi\u00e7os.<\/span><\/p>\n<p class=\"font_8\"><span><span class=\"wixGuard\">\u200b<\/span><\/span><\/p>\n<p class=\"font_8\" style=\"text-align: center;\"><strong>Desenho de novo curricula para ensino superior, ensino escolar e forma\u00e7\u00e3o profissional<\/strong><\/p>\n<p class=\"font_8\" style=\"text-align: center;\"><strong>Desenho de novos produtos did\u00e1ticos, nomeadamente conte\u00fados digitais e jogos educativos<\/strong><\/p>\n<p>[\/et_pb_text][\/et_pb_column][\/et_pb_row][et_pb_row _builder_version=&#8221;4.18.0&#8243; _module_preset=&#8221;default&#8221; global_colors_info=&#8221;{}&#8221;][et_pb_column type=&#8221;4_4&#8243; _builder_version=&#8221;4.18.0&#8243; _module_preset=&#8221;default&#8221; global_colors_info=&#8221;{}&#8221;][et_pb_text _builder_version=&#8221;4.18.0&#8243; _module_preset=&#8221;default&#8221; header_font=&#8221;||||||||&#8221; width=&#8221;100%&#8221; custom_margin=&#8221;||0px||false|false&#8221; border_color_bottom=&#8221;#000000&#8243; border_style_bottom=&#8221;ridge&#8221; global_colors_info=&#8221;{}&#8221;]<\/p>\n<h1>Projetos<\/h1>\n<p>[\/et_pb_text][et_pb_image src=&#8221;http:\/\/website.advancis.pt\/wp-content\/uploads\/2022\/10\/ai-010-scaled-1.jpg&#8221; title_text=&#8221;ai-010-scaled-1&#8243; _builder_version=&#8221;4.18.0&#8243; _module_preset=&#8221;default&#8221; width=&#8221;5%&#8221; max_width=&#8221;100%&#8221; height=&#8221;5px&#8221; max_height=&#8221;1000px&#8221; global_colors_info=&#8221;{}&#8221;][\/et_pb_image][\/et_pb_column][\/et_pb_row][\/et_pb_section][et_pb_section fb_built=&#8221;1&#8243; admin_label=&#8221;Section&#8221; _builder_version=&#8221;4.18.0&#8243; _module_preset=&#8221;default&#8221; custom_padding=&#8221;0px|||||&#8221; custom_css_main_element=&#8221;.et_pb_filterable_portfolio .et_pb_portfolio_filters li a {border-width:0px; border-radius: 25px!important; margin:5px; box-shadow: 1px 2px rgba(0,0,0,0.3);}&#8221; global_colors_info=&#8221;{}&#8221;][et_pb_row _builder_version=&#8221;4.18.0&#8243; _module_preset=&#8221;default&#8221; global_colors_info=&#8221;{}&#8221;][et_pb_column type=&#8221;4_4&#8243; _builder_version=&#8221;4.18.0&#8243; _module_preset=&#8221;default&#8221; global_colors_info=&#8221;{}&#8221;][et_pb_filterable_portfolio fullwidth=&#8221;off&#8221; posts_number=&#8221;8&#8243; include_categories=&#8221;41,40,42,48,47,44,55,49,52,46,45,50,53,54&#8243; show_categories=&#8221;off&#8221; zoom_icon_color=&#8221;#FFFFFF&#8221; hover_overlay_color=&#8221;RGBA(255,255,255,0)&#8221; module_class=&#8221;ds-portfolio-custom-order&#8221; _builder_version=&#8221;4.18.0&#8243; _module_preset=&#8221;default&#8221; filter_font=&#8221;Kanit|||on|||||&#8221; filter_text_color=&#8221;#FFFFFF&#8221; filter_letter_spacing=&#8221;1px&#8221; filter_line_height=&#8221;1.3em&#8221; pagination_font=&#8221;Kanit|700|||||||&#8221; pagination_text_align=&#8221;right&#8221; pagination_text_color=&#8221;#280A34&#8243; text_orientation=&#8221;center&#8221; max_width=&#8221;100%&#8221; module_alignment=&#8221;center&#8221; height=&#8221;1000px&#8221; max_height=&#8221;1000px&#8221; custom_css_before=&#8221;background-color: #280A34&#8243; custom_css_active_portfolio_filter=&#8221;background-color: #9b1d85&#8243; border_radii_image=&#8221;on|360px|360px|360px|360px&#8221; border_width_all_image=&#8221;3px&#8221; border_color_all_image=&#8221;#000000&#8243; box_shadow_style_image=&#8221;preset1&#8243; global_colors_info=&#8221;{}&#8221; filter_text_color__hover_enabled=&#8221;on|hover&#8221; filter_text_color__hover=&#8221;#000000&#8243;][\/et_pb_filterable_portfolio][\/et_pb_column][\/et_pb_row][\/et_pb_section]<\/p>","protected":false},"excerpt":{"rendered":"<p>Investiga\u00e7\u00e3o e DesenvolvimentoA ADVANCIS coordena e participa em projetos de I&amp;D na \u00e1rea da Aprendizagem, cooperando com parceiros nacionais e internacionais, para desenvolver novo conhecimento, processos, produtos e servi\u00e7os. \u200b Desenho de novo curricula para ensino superior, ensino escolar e forma\u00e7\u00e3o profissional Desenho de novos produtos did\u00e1ticos, nomeadamente conte\u00fados digitais e jogos educativosProjetos<\/p>","protected":false},"author":2,"featured_media":0,"parent":0,"menu_order":0,"comment_status":"closed","ping_status":"closed","template":"","meta":{"_et_pb_use_builder":"on","_et_pb_old_content":"<!-- wp:heading -->\n<h2><\/h2>\n<!-- \/wp:heading -->","_et_gb_content_width":"","footnotes":""},"class_list":["post-1520","page","type-page","status-publish","hentry"],"_links":{"self":[{"href":"https:\/\/website.advancis.pt\/en\/wp-json\/wp\/v2\/pages\/1520","targetHints":{"allow":["GET"]}}],"collection":[{"href":"https:\/\/website.advancis.pt\/en\/wp-json\/wp\/v2\/pages"}],"about":[{"href":"https:\/\/website.advancis.pt\/en\/wp-json\/wp\/v2\/types\/page"}],"author":[{"embeddable":true,"href":"https:\/\/website.advancis.pt\/en\/wp-json\/wp\/v2\/users\/2"}],"replies":[{"embeddable":true,"href":"https:\/\/website.advancis.pt\/en\/wp-json\/wp\/v2\/comments?post=1520"}],"version-history":[{"count":20,"href":"https:\/\/website.advancis.pt\/en\/wp-json\/wp\/v2\/pages\/1520\/revisions"}],"predecessor-version":[{"id":2528,"href":"https:\/\/website.advancis.pt\/en\/wp-json\/wp\/v2\/pages\/1520\/revisions\/2528"}],"wp:attachment":[{"href":"https:\/\/website.advancis.pt\/en\/wp-json\/wp\/v2\/media?parent=1520"}],"curies":[{"name":"wp","href":"https:\/\/api.w.org\/{rel}","templated":true}]}}